{"id":7108,"date":"2022-12-18T23:42:44","date_gmt":"2022-12-18T23:42:44","guid":{"rendered":"https:\/\/www.azmec.it\/prodotti\/elettromacchine-e-impianti\/"},"modified":"2023-05-19T23:13:33","modified_gmt":"2023-05-19T23:13:33","slug":"elettromacchine-e-impianti","status":"publish","type":"page","link":"https:\/\/www.azmec.it\/fr\/prodotti\/elettromacchine-e-impianti\/","title":{"rendered":"Machines-outils et syst\u00e8mes"},"content":{"rendered":"\t\t<div data-elementor-type=\"wp-post\" data-elementor-id=\"7108\" class=\"elementor elementor-7108 elementor-2636\" data-elementor-post-type=\"page\">\n\t\t\t\t\t\t<section class=\"elementor-section elementor-top-section elementor-element elementor-element-62cfb17 elementor-section-full_width elementor-section-height-default elementor-section-height-default\" data-id=\"62cfb17\" data-element_type=\"section\">\n\t\t\t\t\t\t<div class=\"elementor-container elementor-column-gap-no\">\n\t\t\t\t\t<div class=\"elementor-column elementor-col-100 elementor-top-column elementor-element elementor-element-628447d\" data-id=\"628447d\" data-element_type=\"column\">\n\t\t\t<div class=\"elementor-widget-wrap elementor-element-populated\">\n\t\t\t\t\t\t<div class=\"elementor-element elementor-element-a17fe0c elementor-widget elementor-widget-bdevs-breadcrumb\" data-id=\"a17fe0c\" data-element_type=\"widget\" data-widget_type=\"bdevs-breadcrumb.default\">\n\t\t\t\t<div class=\"elementor-widget-container\">\n\t\t\t\t\t \r\n\t \r\n    <div class=\"sections\" style=\"background-image: url(https:\/\/i0.wp.com\/www.azmec.it\/wp-content\/uploads\/2023\/01\/titolo-pagina-elettromacchine-e-impianti.jpg?fit=1920%2C1080&#038;ssl=1);\">\r\n        <div class=\"container\">\r\n            <div class=\"pages-title\">\r\n                <h1><span>Machines-outils et syst\u00e8mes<\/span><\/h1>\r\n                <p><a href=\"https:\/\/www.azmec.it\/fr\/\">Home<\/a> &nbsp; > &nbsp; <a href=\"#\">Machines-outils et syst\u00e8mes<\/a><\/p>\r\n            <\/div>\r\n        <\/div>  \r\n    <\/div>\r\n\r\n\t\t\t\t\t<\/div>\n\t\t\t\t<\/div>\n\t\t\t\t<section class=\"elementor-section elementor-inner-section elementor-element elementor-element-fef9874 elementor-section-boxed elementor-section-height-default elementor-section-height-default\" data-id=\"fef9874\" data-element_type=\"section\" data-settings=\"{&quot;background_background&quot;:&quot;classic&quot;}\">\n\t\t\t\t\t\t<div class=\"elementor-container elementor-column-gap-default\">\n\t\t\t\t\t<div class=\"elementor-column elementor-col-100 elementor-inner-column elementor-element elementor-element-16be94a\" data-id=\"16be94a\" data-element_type=\"column\">\n\t\t\t<div class=\"elementor-widget-wrap elementor-element-populated\">\n\t\t\t\t\t\t<div class=\"elementor-element elementor-element-b6f4575 elementor-widget elementor-widget-text-editor\" data-id=\"b6f4575\" data-element_type=\"widget\" data-widget_type=\"text-editor.default\">\n\t\t\t\t<div class=\"elementor-widget-container\">\n\t\t\t\t\t\t\t\t\t<p style=\"text-align: center;\"><span style=\"color: #e11739;\">AZMEC <\/span> con\u00e7oit et r\u00e9alise des groupes de machines-outils et de syst\u00e8mes de vide en int\u00e9grant les produits et accessoires destin\u00e9s aux secteurs les plus diversifi\u00e9s dans la m\u00eame machine, proposant ainsi des solutions personnalis\u00e9es en fonction des exigences de chaque client.<\/p>\t\t\t\t\t\t\t\t<\/div>\n\t\t\t\t<\/div>\n\t\t\t\t\t<\/div>\n\t\t<\/div>\n\t\t\t\t\t<\/div>\n\t\t<\/section>\n\t\t\t\t<section class=\"elementor-section elementor-inner-section elementor-element elementor-element-3f595da elementor-section-boxed elementor-section-height-default elementor-section-height-default\" data-id=\"3f595da\" data-element_type=\"section\">\n\t\t\t\t\t\t<div class=\"elementor-container elementor-column-gap-default\">\n\t\t\t\t\t<div class=\"elementor-column elementor-col-100 elementor-inner-column elementor-element elementor-element-448258b\" data-id=\"448258b\" data-element_type=\"column\">\n\t\t\t<div class=\"elementor-widget-wrap elementor-element-populated\">\n\t\t\t\t\t\t<div class=\"elementor-element elementor-element-0670e6f elementor-widget elementor-widget-text-editor\" data-id=\"0670e6f\" data-element_type=\"widget\" data-widget_type=\"text-editor.default\">\n\t\t\t\t<div class=\"elementor-widget-container\">\n\t\t\t\t\t\t\t\t\t<h2>CONSULTER NOTRE GAMME <span style=\"color: #e11739;\">DE PRODUITS<\/span><\/h2>\t\t\t\t\t\t\t\t<\/div>\n\t\t\t\t<\/div>\n\t\t\t\t<div class=\"elementor-element elementor-element-4072d51 elementor-skin-carousel elementor-arrows-yes elementor-pagination-type-bullets elementor-pagination-position-outside elementor-widget elementor-widget-media-carousel\" data-id=\"4072d51\" data-element_type=\"widget\" data-settings=\"{&quot;slides_per_view&quot;:&quot;3&quot;,&quot;lazyload&quot;:&quot;yes&quot;,&quot;skin&quot;:&quot;carousel&quot;,&quot;effect&quot;:&quot;slide&quot;,&quot;show_arrows&quot;:&quot;yes&quot;,&quot;pagination&quot;:&quot;bullets&quot;,&quot;speed&quot;:500,&quot;autoplay&quot;:&quot;yes&quot;,&quot;autoplay_speed&quot;:5000,&quot;loop&quot;:&quot;yes&quot;,&quot;pause_on_hover&quot;:&quot;yes&quot;,&quot;pause_on_interaction&quot;:&quot;yes&quot;,&quot;space_between&quot;:{&quot;unit&quot;:&quot;px&quot;,&quot;size&quot;:10,&quot;sizes&quot;:[]},&quot;space_between_tablet&quot;:{&quot;unit&quot;:&quot;px&quot;,&quot;size&quot;:10,&quot;sizes&quot;:[]},&quot;space_between_mobile&quot;:{&quot;unit&quot;:&quot;px&quot;,&quot;size&quot;:10,&quot;sizes&quot;:[]}}\" data-widget_type=\"media-carousel.default\">\n\t\t\t\t<div class=\"elementor-widget-container\">\n\t\t\t\t\t\t\t\t\t<div class=\"elementor-swiper\">\n\t\t\t\t\t<div class=\"elementor-main-swiper swiper\" role=\"region\" aria-roledescription=\"carousel\" aria-label=\"Diapositives\">\n\t\t\t\t<div class=\"swiper-wrapper\">\n\t\t\t\t\t\t\t\t\t\t\t<div class=\"swiper-slide\" role=\"group\" aria-roledescription=\"slide\">\n\t\t\t\t\t\t\t<a href=\"#\">\t\t<div class=\"elementor-carousel-image swiper-lazy\" role=\"img\" aria-label=\"GRUPPI ELETTROMACCHINA CON TRASMISSIONE A CINGHIE\" data-background=\"https:\/\/i0.wp.com\/www.azmec.it\/wp-content\/uploads\/2023\/01\/1-gruppi-serie-AL-con-trasmissione-a-cinghie-e-motore-in-sella-copia-scaled.jpg?fit=2560%2C1597&amp;ssl=1\">\n\n\t\t\t\t\t\t\t<div class=\"swiper-lazy-preloader\"><\/div>\n\t\t\t\n\t\t\t\t\t<\/div>\n\t\t\t\t\t<div class=\"elementor-carousel-image-overlay e-overlay-animation-fade\">\n\t\t\t\tGRUPPI ELETTROMACCHINA CON TRASMISSIONE A CINGHIE\t\t\t<\/div>\n\t\t\t<\/a>\t\t\t\t\t\t<\/div>\n\t\t\t\t\t\t\t\t\t\t\t<div class=\"swiper-slide\" role=\"group\" aria-roledescription=\"slide\">\n\t\t\t\t\t\t\t<a href=\"#\">\t\t<div class=\"elementor-carousel-image swiper-lazy\" role=\"img\" aria-label=\"12 - gruppo serie ALCZ tenuta meccanica sing. con trasmissione diretta, motoriduttore e basamento comune\" data-background=\"https:\/\/i0.wp.com\/www.azmec.it\/wp-content\/uploads\/2023\/02\/12-gruppo-serie-ALCZ-tenuta-meccanica-sing.-con-trasmissione-diretta-motoriduttore-e-basamento-comune-scaled.jpg?fit=2560%2C1920&amp;ssl=1\">\n\n\t\t\t\t\t\t\t<div class=\"swiper-lazy-preloader\"><\/div>\n\t\t\t\n\t\t\t\t\t<\/div>\n\t\t\t\t\t<div class=\"elementor-carousel-image-overlay e-overlay-animation-fade\">\n\t\t\t\tGRUPPI ELETTROMACCHINA CON TRASMISSIONE DIRETTA\t\t\t<\/div>\n\t\t\t<\/a>\t\t\t\t\t\t<\/div>\n\t\t\t\t\t\t\t\t\t\t\t<div class=\"swiper-slide\" role=\"group\" aria-roledescription=\"slide\">\n\t\t\t\t\t\t\t<a href=\"#\">\t\t<div class=\"elementor-carousel-image swiper-lazy\" role=\"img\" aria-label=\"IMPIANTI DEL VUOTO CON RICIRCOLO PARZIALE DEL LIQUIDO DI SERVIZIO\" data-background=\"https:\/\/i0.wp.com\/www.azmec.it\/wp-content\/uploads\/2023\/02\/impianti-del-vuoto-CON-RICIRCOLO-PARZIALE-DEL-LIQUIDO-DI-SERVIZIO.jpg?fit=497%2C461&amp;ssl=1\">\n\n\t\t\t\t\t\t\t<div class=\"swiper-lazy-preloader\"><\/div>\n\t\t\t\n\t\t\t\t\t<\/div>\n\t\t\t\t\t<div class=\"elementor-carousel-image-overlay e-overlay-animation-fade\">\n\t\t\t\tIMPIANTI DEL VUOTO CON RICIRCOLO PARZIALE DEL LIQUIDO DI SERVIZIO\t\t\t<\/div>\n\t\t\t<\/a>\t\t\t\t\t\t<\/div>\n\t\t\t\t\t\t\t\t\t\t\t<div class=\"swiper-slide\" role=\"group\" aria-roledescription=\"slide\">\n\t\t\t\t\t\t\t<a href=\"#\">\t\t<div class=\"elementor-carousel-image swiper-lazy\" role=\"img\" aria-label=\"IMPIANTI DEL VUOTO CON RICIRCOLO TOTALE DEL LIQUIDO DI SERVIZIO\" data-background=\"https:\/\/i0.wp.com\/www.azmec.it\/wp-content\/uploads\/2023\/02\/impianti-del-vuoto-CON-RICIRCOLO-TOTALE-DEL-LIQUIDO-DI-SERVIZIO.jpg?fit=497%2C461&amp;ssl=1\">\n\n\t\t\t\t\t\t\t<div class=\"swiper-lazy-preloader\"><\/div>\n\t\t\t\n\t\t\t\t\t<\/div>\n\t\t\t\t\t<div class=\"elementor-carousel-image-overlay e-overlay-animation-fade\">\n\t\t\t\tIMPIANTI DEL VUOTO CON RICIRCOLO TOTALE DEL LIQUIDO DI SERVIZIO\t\t\t<\/div>\n\t\t\t<\/a>\t\t\t\t\t\t<\/div>\n\t\t\t\t\t\t\t\t\t\t\t<div class=\"swiper-slide\" role=\"group\" aria-roledescription=\"slide\">\n\t\t\t\t\t\t\t<a href=\"#\">\t\t<div class=\"elementor-carousel-image swiper-lazy\" role=\"img\" aria-label=\"IMPIANTI DEL VUOTO SENZA RICIRCOLO PARZIALE DEL LIQUIDO DI SERVIZIO\" data-background=\"https:\/\/i0.wp.com\/www.azmec.it\/wp-content\/uploads\/2023\/02\/impianti-del-vuoto-SENZA-RICIRCOLO-DEL-LIQUIDO-DI-SERVIZIO.jpg?fit=497%2C461&amp;ssl=1\">\n\n\t\t\t\t\t\t\t<div class=\"swiper-lazy-preloader\"><\/div>\n\t\t\t\n\t\t\t\t\t<\/div>\n\t\t\t\t\t<div class=\"elementor-carousel-image-overlay e-overlay-animation-fade\">\n\t\t\t\tIMPIANTI DEL VUOTO SENZA RICIRCOLO PARZIALE DEL LIQUIDO DI SERVIZIO\t\t\t<\/div>\n\t\t\t<\/a>\t\t\t\t\t\t<\/div>\n\t\t\t\t\t\t\t\t\t<\/div>\n\t\t\t\t\t\t\t\t\t\t\t\t\t\t\t<div class=\"elementor-swiper-button elementor-swiper-button-prev\" role=\"button\" tabindex=\"0\" aria-label=\"Pr\u00e9c\u00e9dent\">\n\t\t\t\t\t\t\t<i aria-hidden=\"true\" class=\"eicon-chevron-left\"><\/i>\t\t\t\t\t\t<\/div>\n\t\t\t\t\t\t<div class=\"elementor-swiper-button elementor-swiper-button-next\" role=\"button\" tabindex=\"0\" aria-label=\"Suivant\">\n\t\t\t\t\t\t\t<i aria-hidden=\"true\" class=\"eicon-chevron-right\"><\/i>\t\t\t\t\t\t<\/div>\n\t\t\t\t\t\t\t\t\t\t\t\t\t\t\t\t<div class=\"swiper-pagination\"><\/div>\n\t\t\t\t\t\t\t\t\t\t\t\t<\/div>\n\t\t\t\t<\/div>\n\t\t\t\t\t\t\t\t<\/div>\n\t\t\t\t<\/div>\n\t\t\t\t\t<\/div>\n\t\t<\/div>\n\t\t\t\t\t<\/div>\n\t\t<\/section>\n\t\t\t\t<div class=\"elementor-element elementor-element-db140ab elementor-widget elementor-widget-bdevs-contact-section\" data-id=\"db140ab\" data-element_type=\"widget\" data-widget_type=\"bdevs-contact-section.default\">\n\t\t\t\t<div class=\"elementor-widget-container\">\n\t\t\t\t\t\t\r\n\t<div class=\"parallax-contact-section contact-section\" style=\"background-image: url(https:\/\/i0.wp.com\/www.azmec.it\/wp-content\/uploads\/2022\/12\/lascici-un-messaggio-azmec.jpg?fit=1920%2C1080&#038;ssl=1);\">\r\n        <div class=\"container\">\r\n            <div class=\"cc-leftside\">\r\n            \t                <h5>\u00c9CRIVEZ-NOUS MAINTENANT\n<\/h5>\r\n                \t\r\n                                <h2>Laissez-nous un message<\/h2>\r\n                \t\r\n                                <p>Vous souhaitez recevoir plus d'informations sur nos produits ?<br>\n\u00c9crivez-nous, nous vous r\u00e9pondrons dans les plus brefs d\u00e9lais. Merci.<\/p>\r\n                \t\r\n                                \n<div class=\"wpcf7 no-js\" id=\"wpcf7-f7253-o1\" lang=\"en-US\" dir=\"ltr\" data-wpcf7-id=\"7253\">\n<div class=\"screen-reader-response\"><p role=\"status\" aria-live=\"polite\" aria-atomic=\"true\"><\/p> <ul><\/ul><\/div>\n<form action=\"\/fr\/wp-json\/wp\/v2\/pages\/7108#wpcf7-f7253-o1\" method=\"post\" class=\"wpcf7-form init wpcf7-acceptance-as-validation\" aria-label=\"Contact form\" novalidate=\"novalidate\" data-status=\"init\">\n<fieldset class=\"hidden-fields-container\"><input type=\"hidden\" name=\"_wpcf7\" value=\"7253\" \/><input type=\"hidden\" name=\"_wpcf7_version\" value=\"6.1.1\" \/><input type=\"hidden\" name=\"_wpcf7_locale\" value=\"en_US\" \/><input type=\"hidden\" name=\"_wpcf7_unit_tag\" value=\"wpcf7-f7253-o1\" \/><input type=\"hidden\" name=\"_wpcf7_container_post\" value=\"0\" \/><input type=\"hidden\" name=\"_wpcf7_posted_data_hash\" value=\"\" \/><input type=\"hidden\" name=\"_wpcf7_recaptcha_response\" value=\"\" \/>\n<\/fieldset>\n<div>\n\t<div class=\"messages\">\n\t<\/div>\n\t<div class=\"controls\">\n\t\t<div class=\"row\">\n\t\t\t<div class=\"col-md-12\">\n\t\t\t\t<div class=\"form-group\">\n\t\t\t\t\t<p><span class=\"wpcf7-form-control-wrap\" data-name=\"your-name\"><input size=\"40\" maxlength=\"400\" class=\"wpcf7-form-control wpcf7-text wpcf7-validates-as-required form-control customize-contact\" id=\"form_name\" aria-required=\"true\" aria-invalid=\"false\" placeholder=\"Pr\u00e9nom \/ nom de famille\" value=\"\" type=\"text\" name=\"your-name\" \/><\/span>\n\t\t\t\t\t<\/p>\n\t\t\t\t<\/div>\n\t\t\t<\/div>\n\t\t\t<div class=\"col-md-12\">\n\t\t\t\t<div class=\"form-group\">\n\t\t\t\t\t<p><span class=\"wpcf7-form-control-wrap\" data-name=\"your-email\"><input size=\"40\" maxlength=\"400\" class=\"wpcf7-form-control wpcf7-email wpcf7-validates-as-required wpcf7-text wpcf7-validates-as-email form-control customize-contact\" id=\"form_email\" aria-required=\"true\" aria-invalid=\"false\" placeholder=\"E-mail\" value=\"\" type=\"email\" name=\"your-email\" \/><\/span>\n\t\t\t\t\t<\/p>\n\t\t\t\t<\/div>\n\t\t\t<\/div>\n\t\t\t<div class=\"col-md-12\">\n\t\t\t\t<div class=\"form-group\">\n\t\t\t\t\t<p><span class=\"wpcf7-form-control-wrap\" data-name=\"your-phone\"><input size=\"40\" maxlength=\"400\" class=\"wpcf7-form-control wpcf7-text form-control customize-contact\" id=\"form_phone\" aria-invalid=\"false\" placeholder=\"T\u00e9l\u00e9phone\" value=\"\" type=\"text\" name=\"your-phone\" \/><\/span>\n\t\t\t\t\t<\/p>\n\t\t\t\t<\/div>\n\t\t\t<\/div>\n\t\t\t<div class=\"col-md-12\">\n\t\t\t\t<div class=\"form-group\">\n\t\t\t\t\t<p><span class=\"wpcf7-form-control-wrap\" data-name=\"your-message\"><textarea cols=\"40\" rows=\"10\" maxlength=\"2000\" class=\"wpcf7-form-control wpcf7-textarea wpcf7-validates-as-required form-control customize-contact\" id=\"form_message\" aria-required=\"true\" aria-invalid=\"false\" placeholder=\"Message\" name=\"your-message\"><\/textarea><\/span>\n\t\t\t\t\t<\/p>\n\t\t\t\t<\/div>\n\t\t\t<\/div>\n\t\t<\/div>\n\t\t<div class=\"row\">\n\t\t\t<div class=\"col-md-12 submit-btn\">\n\t\t\t\t<p><br \/>\n<span class=\"wpcf7-form-control-wrap\" data-name=\"cmplz-acceptance\"><span class=\"wpcf7-form-control wpcf7-acceptance\"><span class=\"wpcf7-list-item\"><label><input type=\"checkbox\" name=\"cmplz-acceptance\" value=\"1\" aria-invalid=\"false\" \/><span class=\"wpcf7-list-item-label\">Pour soumettre ce formulaire, vous devez accepter le n\u00f4tre <a href=\"https:\/\/www.azmec.it\/dichiarazione-sulla-privacy-ue\/\"target=\"_blank\"><font color=\"E11739\">D\u00e9claration de confidentialit\u00e9<\/font><\/a><\/span><\/label><\/span><\/span><\/span>\n\t\t\t\t<\/p>\n\t\t\t\t<p><input class=\"wpcf7-form-control wpcf7-submit has-spinner btn btn-custom\" type=\"submit\" value=\"Soumettre\" \/>\n\t\t\t\t<\/p>\n\t\t\t<\/div>\n\t\t<\/div>\n\t<\/div>\n<\/div><div class=\"wpcf7-response-output\" aria-hidden=\"true\"><\/div>\n<\/form>\n<\/div>\n                \t\r\n            <\/div>\r\n        <\/div>\r\n    <\/div> \r\n\r\n\t\t\t\t\t<\/div>\n\t\t\t\t<\/div>\n\t\t\t\t\t<\/div>\n\t\t<\/div>\n\t\t\t\t\t<\/div>\n\t\t<\/section>\n\t\t\t\t<\/div>\n\t\t","protected":false},"excerpt":{"rendered":"<p>Machines-outils et syst\u00e8mes Home &nbsp; > &nbsp; Machines-outils et syst\u00e8mes AZMEC con\u00e7oit et r\u00e9alise des groupes de machines-outils et de syst\u00e8mes de vide en int\u00e9grant les produits et accessoires destin\u00e9s aux secteurs les plus diversifi\u00e9s dans la m\u00eame machine, proposant ainsi des solutions personnalis\u00e9es en fonction des exigences de chaque client. CONSULTER NOTRE GAMME DE [&hellip;]<\/p>\n","protected":false},"author":1,"featured_media":0,"parent":7024,"menu_order":0,"comment_status":"closed","ping_status":"closed","template":"page-templates\/page-template.php","meta":{"footnotes":""},"class_list":["post-7108","page","type-page","status-publish","hentry"],"aioseo_notices":[],"jetpack_sharing_enabled":true,"_links":{"self":[{"href":"https:\/\/www.azmec.it\/fr\/wp-json\/wp\/v2\/pages\/7108","targetHints":{"allow":["GET"]}}],"collection":[{"href":"https:\/\/www.azmec.it\/fr\/wp-json\/wp\/v2\/pages"}],"about":[{"href":"https:\/\/www.azmec.it\/fr\/wp-json\/wp\/v2\/types\/page"}],"author":[{"embeddable":true,"href":"https:\/\/www.azmec.it\/fr\/wp-json\/wp\/v2\/users\/1"}],"replies":[{"embeddable":true,"href":"https:\/\/www.azmec.it\/fr\/wp-json\/wp\/v2\/comments?post=7108"}],"version-history":[{"count":10,"href":"https:\/\/www.azmec.it\/fr\/wp-json\/wp\/v2\/pages\/7108\/revisions"}],"predecessor-version":[{"id":7296,"href":"https:\/\/www.azmec.it\/fr\/wp-json\/wp\/v2\/pages\/7108\/revisions\/7296"}],"up":[{"embeddable":true,"href":"https:\/\/www.azmec.it\/fr\/wp-json\/wp\/v2\/pages\/7024"}],"wp:attachment":[{"href":"https:\/\/www.azmec.it\/fr\/wp-json\/wp\/v2\/media?parent=7108"}],"curies":[{"name":"wp","href":"https:\/\/api.w.org\/{rel}","templated":true}]}}