{"id":7027,"date":"2022-11-21T15:54:20","date_gmt":"2022-11-21T15:54:20","guid":{"rendered":"https:\/\/www.azmec.it\/certificazioni\/"},"modified":"2026-01-29T17:31:19","modified_gmt":"2026-01-29T17:31:19","slug":"certificazioni","status":"publish","type":"page","link":"https:\/\/www.azmec.it\/fr\/certificazioni\/","title":{"rendered":"Certifications"},"content":{"rendered":"\t\t<div data-elementor-type=\"wp-post\" data-elementor-id=\"7027\" class=\"elementor elementor-7027 elementor-2065\" data-elementor-post-type=\"page\">\n\t\t\t\t\t\t<section class=\"elementor-section elementor-top-section elementor-element elementor-element-9b2f704 elementor-section-full_width elementor-section-height-default elementor-section-height-default\" data-id=\"9b2f704\" data-element_type=\"section\">\n\t\t\t\t\t\t<div class=\"elementor-container elementor-column-gap-no\">\n\t\t\t\t\t<div class=\"elementor-column elementor-col-100 elementor-top-column elementor-element elementor-element-2fac397\" data-id=\"2fac397\" data-element_type=\"column\">\n\t\t\t<div class=\"elementor-widget-wrap elementor-element-populated\">\n\t\t\t\t\t\t<div class=\"elementor-element elementor-element-ae61980 elementor-widget elementor-widget-bdevs-breadcrumb\" data-id=\"ae61980\" data-element_type=\"widget\" data-widget_type=\"bdevs-breadcrumb.default\">\n\t\t\t\t<div class=\"elementor-widget-container\">\n\t\t\t\t\t \r\n\t \r\n    <div class=\"sections\" style=\"background-image: url(https:\/\/i0.wp.com\/www.azmec.it\/wp-content\/uploads\/2022\/12\/titolo-azmec-certificazioni.jpg?fit=1920%2C1080&#038;ssl=1);\">\r\n        <div class=\"container\">\r\n            <div class=\"pages-title\">\r\n                <h1><span>Certifications<\/span><\/h1>\r\n                <p><a href=\"https:\/\/www.azmec.it\/fr\/\">Home<\/a> &nbsp; > &nbsp; <a href=\"#\">Certifications<\/a><\/p>\r\n            <\/div>\r\n        <\/div>  \r\n    <\/div>\r\n\r\n\t\t\t\t\t<\/div>\n\t\t\t\t<\/div>\n\t\t\t\t\t<\/div>\n\t\t<\/div>\n\t\t\t\t\t<\/div>\n\t\t<\/section>\n\t\t\t\t<section class=\"elementor-section elementor-top-section elementor-element elementor-element-3db03a6 elementor-section-boxed elementor-section-height-default elementor-section-height-default\" data-id=\"3db03a6\" data-element_type=\"section\">\n\t\t\t\t\t\t<div class=\"elementor-container elementor-column-gap-default\">\n\t\t\t\t\t<div class=\"elementor-column elementor-col-100 elementor-top-column elementor-element elementor-element-d78f27f\" data-id=\"d78f27f\" data-element_type=\"column\">\n\t\t\t<div class=\"elementor-widget-wrap elementor-element-populated\">\n\t\t\t\t\t\t<div class=\"elementor-element elementor-element-62fa91f elementor-widget elementor-widget-image\" data-id=\"62fa91f\" data-element_type=\"widget\" data-widget_type=\"image.default\">\n\t\t\t\t<div class=\"elementor-widget-container\">\n\t\t\t\t\t\t\t\t\t\t\t\t\t\t\t<img decoding=\"async\" src=\"https:\/\/i0.wp.com\/www.azmec.it\/wp-content\/uploads\/2022\/10\/cropped-favicon-azmec.png?fit=35%2C35&#038;ssl=1\" title=\"cropped-favicon-azmec.png\" alt=\"cropped-favicon-azmec.png\" loading=\"lazy\" \/>\t\t\t\t\t\t\t\t\t\t\t\t\t\t\t<\/div>\n\t\t\t\t<\/div>\n\t\t\t\t<div class=\"elementor-element elementor-element-70f5f0d elementor-widget elementor-widget-text-editor\" data-id=\"70f5f0d\" data-element_type=\"widget\" data-widget_type=\"text-editor.default\">\n\t\t\t\t<div class=\"elementor-widget-container\">\n\t\t\t\t\t\t\t\t\t<h2 style=\"text-align: center;\">NOS <strong><span style=\"color: #e11739;\">CERTIFICATIONS<\/span><\/strong><\/h2>\t\t\t\t\t\t\t\t<\/div>\n\t\t\t\t<\/div>\n\t\t\t\t<div class=\"elementor-element elementor-element-ac47deb elementor-widget elementor-widget-text-editor\" data-id=\"ac47deb\" data-element_type=\"widget\" data-widget_type=\"text-editor.default\">\n\t\t\t\t<div class=\"elementor-widget-container\">\n\t\t\t\t\t\t\t\t\t<p style=\"text-align: center;\">L&rsquo;entreprise est certifi\u00e9e depuis ses d\u00e9buts selon :<\/p>\t\t\t\t\t\t\t\t<\/div>\n\t\t\t\t<\/div>\n\t\t\t\t<section class=\"elementor-section elementor-inner-section elementor-element elementor-element-cf38235 elementor-section-boxed elementor-section-height-default elementor-section-height-default\" data-id=\"cf38235\" data-element_type=\"section\">\n\t\t\t\t\t\t<div class=\"elementor-container elementor-column-gap-default\">\n\t\t\t\t\t<div class=\"elementor-column elementor-col-33 elementor-inner-column elementor-element elementor-element-989058d\" data-id=\"989058d\" data-element_type=\"column\">\n\t\t\t<div class=\"elementor-widget-wrap elementor-element-populated\">\n\t\t\t\t\t\t<div class=\"elementor-element elementor-element-0c7958c elementor-widget elementor-widget-image\" data-id=\"0c7958c\" data-element_type=\"widget\" data-widget_type=\"image.default\">\n\t\t\t\t<div class=\"elementor-widget-container\">\n\t\t\t\t\t\t\t\t\t\t\t\t\t\t\t\t<a href=\"https:\/\/www.azmec.it\/wp-content\/uploads\/2022\/12\/\u0415\u0410\u042d\u0421-N-RU-\u0414-IT.\u0420\u041001.\u0412.60506-21_certificato-valido-fino-al-2026.pdf\" target=\"_blank\">\n\t\t\t\t\t\t\t<img decoding=\"async\" src=\"https:\/\/i0.wp.com\/www.azmec.it\/wp-content\/uploads\/2022\/12\/simbolo-EAC-scaled.jpeg?fit=130%2C122&#038;ssl=1\" title=\"EAC\" alt=\"EAC\" loading=\"lazy\" \/>\t\t\t\t\t\t\t\t<\/a>\n\t\t\t\t\t\t\t\t\t\t\t\t\t\t\t<\/div>\n\t\t\t\t<\/div>\n\t\t\t\t<div class=\"elementor-element elementor-element-9617c9d elementor-align-center elementor-widget elementor-widget-button\" data-id=\"9617c9d\" data-element_type=\"widget\" data-widget_type=\"button.default\">\n\t\t\t\t<div class=\"elementor-widget-container\">\n\t\t\t\t\t\t\t\t\t<div class=\"elementor-button-wrapper\">\n\t\t\t\t\t<a class=\"elementor-button elementor-button-link elementor-size-md elementor-animation-grow\" href=\"https:\/\/www.azmec.it\/wp-content\/uploads\/2022\/12\/\u0415\u0410\u042d\u0421-N-RU-\u0414-IT.\u0420\u041001.\u0412.60506-21_certificato-valido-fino-al-2026.pdf\" target=\"_blank\">\n\t\t\t\t\t\t<span class=\"elementor-button-content-wrapper\">\n\t\t\t\t\t\t<span class=\"elementor-button-icon\">\n\t\t\t\t<i aria-hidden=\"true\" class=\"far fa-file-pdf\"><\/i>\t\t\t<\/span>\n\t\t\t\t\t\t\t\t\t<span class=\"elementor-button-text\">Certificato EAC Russia e negli altri paesi membri dell'Unione Economica Eurasiatica (UEE)<\/span>\n\t\t\t\t\t<\/span>\n\t\t\t\t\t<\/a>\n\t\t\t\t<\/div>\n\t\t\t\t\t\t\t\t<\/div>\n\t\t\t\t<\/div>\n\t\t\t\t\t<\/div>\n\t\t<\/div>\n\t\t\t\t<div class=\"elementor-column elementor-col-33 elementor-inner-column elementor-element elementor-element-3353cd7\" data-id=\"3353cd7\" data-element_type=\"column\">\n\t\t\t<div class=\"elementor-widget-wrap elementor-element-populated\">\n\t\t\t\t\t\t<div class=\"elementor-element elementor-element-1a33b0b elementor-widget elementor-widget-image\" data-id=\"1a33b0b\" data-element_type=\"widget\" data-widget_type=\"image.default\">\n\t\t\t\t<div class=\"elementor-widget-container\">\n\t\t\t\t\t\t\t\t\t\t\t\t\t\t\t\t<a href=\"https:\/\/www.azmec.it\/wp-content\/uploads\/2024\/10\/20241003101917080.pdf\" target=\"_blank\">\n\t\t\t\t\t\t\t<img decoding=\"async\" src=\"https:\/\/i0.wp.com\/www.azmec.it\/wp-content\/uploads\/2022\/12\/simbolo-Atex-scaled.jpeg?fit=130%2C122&#038;ssl=1\" title=\"Atex\" alt=\"Atex\" loading=\"lazy\" \/>\t\t\t\t\t\t\t\t<\/a>\n\t\t\t\t\t\t\t\t\t\t\t\t\t\t\t<\/div>\n\t\t\t\t<\/div>\n\t\t\t\t<div class=\"elementor-element elementor-element-0d559a7 elementor-align-center elementor-widget elementor-widget-button\" data-id=\"0d559a7\" data-element_type=\"widget\" data-widget_type=\"button.default\">\n\t\t\t\t<div class=\"elementor-widget-container\">\n\t\t\t\t\t\t\t\t\t<div class=\"elementor-button-wrapper\">\n\t\t\t\t\t<a class=\"elementor-button elementor-button-link elementor-size-md elementor-animation-grow\" href=\"https:\/\/www.azmec.it\/wp-content\/uploads\/2024\/10\/20241003101917080.pdf\" target=\"_blank\">\n\t\t\t\t\t\t<span class=\"elementor-button-content-wrapper\">\n\t\t\t\t\t\t<span class=\"elementor-button-icon\">\n\t\t\t\t<i aria-hidden=\"true\" class=\"far fa-file-pdf\"><\/i>\t\t\t<\/span>\n\t\t\t\t\t\t\t\t\t<span class=\"elementor-button-text\">Certificato ATEX II 2G IIB c T4<\/span>\n\t\t\t\t\t<\/span>\n\t\t\t\t\t<\/a>\n\t\t\t\t<\/div>\n\t\t\t\t\t\t\t\t<\/div>\n\t\t\t\t<\/div>\n\t\t\t\t\t<\/div>\n\t\t<\/div>\n\t\t\t\t<div class=\"elementor-column elementor-col-33 elementor-inner-column elementor-element elementor-element-17c45aa\" data-id=\"17c45aa\" data-element_type=\"column\">\n\t\t\t<div class=\"elementor-widget-wrap elementor-element-populated\">\n\t\t\t\t\t\t<div class=\"elementor-element elementor-element-a51b418 elementor-widget elementor-widget-image\" data-id=\"a51b418\" data-element_type=\"widget\" data-widget_type=\"image.default\">\n\t\t\t\t<div class=\"elementor-widget-container\">\n\t\t\t\t\t\t\t\t\t\t\t\t\t\t\t\t<a href=\"https:\/\/www.azmec.it\/wp-content\/uploads\/2022\/12\/CERTIFICATO-PC-18330-ISO-9001-Certificato-del-04-12-2019-itaing.pdf\" target=\"_blank\">\n\t\t\t\t\t\t\t<img fetchpriority=\"high\" decoding=\"async\" width=\"1290\" height=\"657\" src=\"https:\/\/i0.wp.com\/www.azmec.it\/wp-content\/uploads\/2026\/01\/logoISO-9001_print.png?fit=1290%2C657&amp;ssl=1\" class=\"attachment-full size-full wp-image-9367\" alt=\"\" srcset=\"https:\/\/i0.wp.com\/www.azmec.it\/wp-content\/uploads\/2026\/01\/logoISO-9001_print.png?w=1290&amp;ssl=1 1290w, https:\/\/i0.wp.com\/www.azmec.it\/wp-content\/uploads\/2026\/01\/logoISO-9001_print.png?resize=300%2C153&amp;ssl=1 300w, https:\/\/i0.wp.com\/www.azmec.it\/wp-content\/uploads\/2026\/01\/logoISO-9001_print.png?resize=1024%2C522&amp;ssl=1 1024w, https:\/\/i0.wp.com\/www.azmec.it\/wp-content\/uploads\/2026\/01\/logoISO-9001_print.png?resize=768%2C391&amp;ssl=1 768w\" sizes=\"(max-width: 900px) 100vw, 900px\" \/>\t\t\t\t\t\t\t\t<\/a>\n\t\t\t\t\t\t\t\t\t\t\t\t\t\t\t<\/div>\n\t\t\t\t<\/div>\n\t\t\t\t<div class=\"elementor-element elementor-element-1391be7 elementor-align-center elementor-widget elementor-widget-button\" data-id=\"1391be7\" data-element_type=\"widget\" data-widget_type=\"button.default\">\n\t\t\t\t<div class=\"elementor-widget-container\">\n\t\t\t\t\t\t\t\t\t<div class=\"elementor-button-wrapper\">\n\t\t\t\t\t<a class=\"elementor-button elementor-button-link elementor-size-md elementor-animation-grow\" href=\"https:\/\/www.azmec.it\/wp-content\/uploads\/2026\/01\/PC-18330-CERTIF.-ISO-9001_04-12-2025_INGLESE.pdf\" target=\"_blank\">\n\t\t\t\t\t\t<span class=\"elementor-button-content-wrapper\">\n\t\t\t\t\t\t<span class=\"elementor-button-icon\">\n\t\t\t\t<i aria-hidden=\"true\" class=\"far fa-file-pdf\"><\/i>\t\t\t<\/span>\n\t\t\t\t\t\t\t\t\t<span class=\"elementor-button-text\">Certificato UNI EN ISO 9001:2015<\/span>\n\t\t\t\t\t<\/span>\n\t\t\t\t\t<\/a>\n\t\t\t\t<\/div>\n\t\t\t\t\t\t\t\t<\/div>\n\t\t\t\t<\/div>\n\t\t\t\t\t<\/div>\n\t\t<\/div>\n\t\t\t\t\t<\/div>\n\t\t<\/section>\n\t\t\t\t\t<\/div>\n\t\t<\/div>\n\t\t\t\t\t<\/div>\n\t\t<\/section>\n\t\t\t\t<section class=\"elementor-section elementor-top-section elementor-element elementor-element-f28e1de elementor-section-boxed elementor-section-height-default elementor-section-height-default\" data-id=\"f28e1de\" data-element_type=\"section\" data-settings=\"{&quot;background_background&quot;:&quot;classic&quot;}\">\n\t\t\t\t\t\t<div class=\"elementor-container elementor-column-gap-default\">\n\t\t\t\t\t<div class=\"elementor-column elementor-col-50 elementor-top-column elementor-element elementor-element-c6e9d49\" data-id=\"c6e9d49\" data-element_type=\"column\">\n\t\t\t<div class=\"elementor-widget-wrap elementor-element-populated\">\n\t\t\t\t\t\t<div class=\"elementor-element elementor-element-17bfac4 elementor-widget elementor-widget-text-editor\" data-id=\"17bfac4\" data-element_type=\"widget\" data-widget_type=\"text-editor.default\">\n\t\t\t\t<div class=\"elementor-widget-container\">\n\t\t\t\t\t\t\t\t\t<h4><span style=\"color: #ffffff;\">D\u00e9couvrir notre vaste gamme de produits T\u00e9l\u00e9charger le <strong>Catalogue 2022<\/strong><br \/><\/span><\/h4>\t\t\t\t\t\t\t\t<\/div>\n\t\t\t\t<\/div>\n\t\t\t\t\t<\/div>\n\t\t<\/div>\n\t\t\t\t<div class=\"elementor-column elementor-col-50 elementor-top-column elementor-element elementor-element-4fdba53\" data-id=\"4fdba53\" data-element_type=\"column\">\n\t\t\t<div class=\"elementor-widget-wrap elementor-element-populated\">\n\t\t\t\t\t\t<div class=\"elementor-element elementor-element-f48b0d5 elementor-align-center elementor-widget elementor-widget-button\" data-id=\"f48b0d5\" data-element_type=\"widget\" data-widget_type=\"button.default\">\n\t\t\t\t<div class=\"elementor-widget-container\">\n\t\t\t\t\t\t\t\t\t<div class=\"elementor-button-wrapper\">\n\t\t\t\t\t<a class=\"elementor-button elementor-button-link elementor-size-sm\" href=\"https:\/\/www.azmec.it\/wp-content\/uploads\/2023\/03\/2022-AZMEC-CATALOGO.pdf\" target=\"_blank\">\n\t\t\t\t\t\t<span class=\"elementor-button-content-wrapper\">\n\t\t\t\t\t\t\t\t\t<span class=\"elementor-button-text\">CATALOGUE AZMEC<\/span>\n\t\t\t\t\t<\/span>\n\t\t\t\t\t<\/a>\n\t\t\t\t<\/div>\n\t\t\t\t\t\t\t\t<\/div>\n\t\t\t\t<\/div>\n\t\t\t\t\t<\/div>\n\t\t<\/div>\n\t\t\t\t\t<\/div>\n\t\t<\/section>\n\t\t\t\t<\/div>\n\t\t","protected":false},"excerpt":{"rendered":"<p>Certifications Home &nbsp; > &nbsp; Certifications NOS CERTIFICATIONS L&rsquo;entreprise est certifi\u00e9e depuis ses d\u00e9buts selon : Certificato EAC Russia e negli altri paesi membri dell&rsquo;Unione Economica Eurasiatica (UEE) Certificato ATEX II 2G IIB c T4 Certificato UNI EN ISO 9001:2015 D\u00e9couvrir notre vaste gamme de produits T\u00e9l\u00e9charger le Catalogue 2022 CATALOGUE AZMEC<\/p>\n","protected":false},"author":1,"featured_media":0,"parent":0,"menu_order":0,"comment_status":"closed","ping_status":"closed","template":"page-templates\/page-template.php","meta":{"footnotes":""},"class_list":["post-7027","page","type-page","status-publish","hentry"],"aioseo_notices":[],"jetpack_sharing_enabled":true,"_links":{"self":[{"href":"https:\/\/www.azmec.it\/fr\/wp-json\/wp\/v2\/pages\/7027","targetHints":{"allow":["GET"]}}],"collection":[{"href":"https:\/\/www.azmec.it\/fr\/wp-json\/wp\/v2\/pages"}],"about":[{"href":"https:\/\/www.azmec.it\/fr\/wp-json\/wp\/v2\/types\/page"}],"author":[{"embeddable":true,"href":"https:\/\/www.azmec.it\/fr\/wp-json\/wp\/v2\/users\/1"}],"replies":[{"embeddable":true,"href":"https:\/\/www.azmec.it\/fr\/wp-json\/wp\/v2\/comments?post=7027"}],"version-history":[{"count":18,"href":"https:\/\/www.azmec.it\/fr\/wp-json\/wp\/v2\/pages\/7027\/revisions"}],"predecessor-version":[{"id":9381,"href":"https:\/\/www.azmec.it\/fr\/wp-json\/wp\/v2\/pages\/7027\/revisions\/9381"}],"wp:attachment":[{"href":"https:\/\/www.azmec.it\/fr\/wp-json\/wp\/v2\/media?parent=7027"}],"curies":[{"name":"wp","href":"https:\/\/api.w.org\/{rel}","templated":true}]}}